{"id":21,"date":"2022-03-24T13:20:42","date_gmt":"2022-03-24T12:20:42","guid":{"rendered":"http:\/\/localhost\/final-leisure\/?page_id=21"},"modified":"2022-04-06T17:48:02","modified_gmt":"2022-04-06T15:48:02","slug":"travaux-nettoyage-general","status":"publish","type":"page","link":"https:\/\/proposition1.jolizone.com\/index.php\/nos_services\/travaux-nettoyage-general\/","title":{"rendered":"Travaux de nettoyage"},"content":{"rendered":"[vc_row][vc_column width=\u00a0\u00bb1\/2&Prime;][vc_column_text]\n<p class=\"lead\">Unam incolunt Belgae, aliam Aquitani, tertiam. Idque Caesaris facere voluntate liceret: sese habere. Quis aute iure reprehenderit in voluptate velit esse. Ab illo tempore, ab est sed immemorabili. Quam temere in vitiis legem.<\/p>\n<h3>Curabitur blandit tempus ardua<\/h3>\n<p>Salutantibus vitae elit libero, a pharetra augue. At nos hinc posthac, sitientis piros Afros. Quisque ut dolor gravida, placerat libero vel, euismod. Ut enim ad minim veniam, quis nostrud exercitation. Unam incolunt Belgae, aliam Aquitani, tertiam. Unam incolunt Belgae, aliam Aquitani, tertiam. Tityre, tu patulae recubans sub tegmine fagi dolor. Curabitur est gravida.[\/vc_column_text][\/vc_column][vc_column width=\u00a0\u00bb1\/2&Prime;][vc_single_image image=\u00a0\u00bb3376&Prime; img_size=\u00a0\u00bblarge\u00a0\u00bb][\/vc_column][\/vc_row][vc_row full_width=\u00a0\u00bbstretch_row\u00a0\u00bb parallax=\u00a0\u00bbcontent-moving\u00a0\u00bb css=\u00a0\u00bb.vc_custom_1456183320070{background-image: url(http:\/\/proposition1.jolizone.com\/wp-content\/uploads\/2014\/09\/bg-rooms.jpg?id=692) !important;background-position: center;background-repeat: no-repeat !important;background-size: cover !important;}\u00a0\u00bb][vc_column width=\u00a0\u00bb1\/2&Prime;][vc_column_text el_class=\u00a0\u00bbwhite-box content-padding\u00a0\u00bb]\n<h2 id=\"cove\" class=\"text-uppercase\"><small>A PARTIR DE 120<span class=\"ILfuVd\"><span class=\"hgKElc\">\u20ac<\/span><\/span> \/ JOUR<br \/>\n<\/small>LOREM IPSUM DOLOR SIT AMET<\/h2>\n<p>Quae vero auctorem tractata ab fiducia dicuntur. Morbi fringilla convallis sapien, id pulvinar odio volutpat<\/p>\n<ul class=\"list-pointer\">\n<li>Cum ceteris in veneratione tui montes<\/li>\n<li>Fabio vel iudice vincam, sunt in culpa qui officia<\/li>\n<li>Gallia est omnis divisa<\/li>\n<li>Ut enim ad minim veniam, quis nostrud exercitation<\/li>\n<li>Fabio vel iudice vincam sunt<\/li>\n<\/ul>\n<p>R\u00e9servez un cr\u00e9neau d\u00e8s maintenant[\/vc_column_text][\/vc_column][vc_column width=\u00a0\u00bb1\/2&Prime;][vc_single_image image=\u00a0\u00bb3371&Prime; img_size=\u00a0\u00bblarge\u00a0\u00bb][\/vc_column][\/vc_row][vc_row][vc_column width=\u00a0\u00bb1\/2&Prime;][vc_column_text]\n<h2 class=\"text-uppercase text-center\" style=\"text-align: center;\"><small>FORFAIT NETTOYAGE DES <span class=\"ILfuVd\"><span class=\"hgKElc\">\u20ac<\/span><\/span>120 \/ JOUR<br \/>\n<\/small>TRAVAUX DE NETTOYAGE PROFESSIONNELS<\/h2>\n<p style=\"text-align: center;\"><img loading=\"lazy\" decoding=\"async\" class=\"alignnone wp-image-3502 size-medium\" src=\"http:\/\/proposition1.jolizone.com\/wp-content\/uploads\/2022\/03\/pexels-pixabay-209271-1-201x300.jpg\" alt=\"\" width=\"201\" height=\"300\" srcset=\"https:\/\/proposition1.jolizone.com\/wp-content\/uploads\/2022\/03\/pexels-pixabay-209271-1-201x300.jpg 201w, https:\/\/proposition1.jolizone.com\/wp-content\/uploads\/2022\/03\/pexels-pixabay-209271-1-685x1024.jpg 685w, https:\/\/proposition1.jolizone.com\/wp-content\/uploads\/2022\/03\/pexels-pixabay-209271-1-768x1147.jpg 768w, https:\/\/proposition1.jolizone.com\/wp-content\/uploads\/2022\/03\/pexels-pixabay-209271-1-1028x1536.jpg 1028w, https:\/\/proposition1.jolizone.com\/wp-content\/uploads\/2022\/03\/pexels-pixabay-209271-1-1371x2048.jpg 1371w, https:\/\/proposition1.jolizone.com\/wp-content\/uploads\/2022\/03\/pexels-pixabay-209271-1-scaled.jpg 1714w\" sizes=\"auto, (max-width: 201px) 100vw, 201px\" \/><\/p>\n<p style=\"text-align: center;\">Phasellus laoreet lorem vel dolor tempus vehicula. Integer legentibus erat a ante historiarum dapibus. Plura mihi bona sunt, inclinet, amari petere vellent. Quae vero auctorem tractata ab fiducia dicuntur.<\/p>\n<p style=\"text-align: center;\"><a class=\"btn btn-inline\" href=\"#\">Consultez les prestations<\/a><\/p>\n[\/vc_column_text][\/vc_column][vc_column width=\u00a0\u00bb1\/2&Prime;][vc_column_text]\n<h2 class=\"text-uppercase text-center\" style=\"text-align: center;\"><small>FORFAIT NETTOYAGE DES <span class=\"ILfuVd\"><span class=\"hgKElc\">\u20ac<\/span><\/span>120 \/ JOUR<br \/>\n<\/small>TRAVAUX DE NETTOYAGE POUR PARTICULIERS<\/h2>\n<p style=\"text-align: center;\"><img loading=\"lazy\" decoding=\"async\" class=\"alignnone wp-image-3389 size-medium\" src=\"http:\/\/proposition1.jolizone.com\/wp-content\/uploads\/2022\/03\/femme-au-foyer-souriante-tablier-debout-dans-cuisine_259150-59701-200x300.webp\" alt=\"\" width=\"200\" height=\"300\" srcset=\"https:\/\/proposition1.jolizone.com\/wp-content\/uploads\/2022\/03\/femme-au-foyer-souriante-tablier-debout-dans-cuisine_259150-59701-200x300.webp 200w, https:\/\/proposition1.jolizone.com\/wp-content\/uploads\/2022\/03\/femme-au-foyer-souriante-tablier-debout-dans-cuisine_259150-59701.webp 360w\" sizes=\"auto, (max-width: 200px) 100vw, 200px\" \/><\/p>\n<p style=\"text-align: center;\">Phasellus laoreet lorem vel dolor tempus vehicula. Integer legentibus erat a ante historiarum dapibus. Plura mihi bona sunt, inclinet, amari petere vellent. Quae vero auctorem tractata ab fiducia dicuntur.<\/p>\n<p style=\"text-align: center;\"><a class=\"btn btn-inline\" href=\"#\">Consultez les prestations<\/a><\/p>\n[\/vc_column_text][\/vc_column][\/vc_row][vc_row full_width=\u00a0\u00bbstretch_row\u00a0\u00bb parallax=\u00a0\u00bbcontent-moving\u00a0\u00bb css=\u00a0\u00bb.vc_custom_1456183452370{background-image: url(http:\/\/proposition1.jolizone.com\/wp-content\/uploads\/2014\/09\/bg-rooms-2.jpg?id=701) !important;background-position: center;background-repeat: no-repeat !important;background-size: cover !important;}\u00a0\u00bb][vc_column width=\u00a0\u00bb1\/2&Prime;][vc_single_image image=\u00a0\u00bb3527&Prime; img_size=\u00a0\u00bblarge\u00a0\u00bb][\/vc_column][vc_column width=\u00a0\u00bb1\/2&Prime;][vc_column_text el_class=\u00a0\u00bbwhite-box content-padding\u00a0\u00bb]\n<h2 id=\"cove\" class=\"text-uppercase\" style=\"text-align: left;\"><small>A PARTIR DE 120<span class=\"ILfuVd\"><span class=\"hgKElc\">\u20ac<\/span><\/span> \/ JOUR<\/small>LOREM IPSUM DOLOR SIT AMET<\/h2>\n<p>Quae vero auctorem tractata ab fiducia dicuntur. Morbi fringilla convallis sapien, id pulvinar odio volutpat<\/p>\n<ul class=\"list-pointer\">\n<li>Cum ceteris in veneratione tui montes<\/li>\n<li>Fabio vel iudice vincam, sunt in culpa qui officia<\/li>\n<li>Gallia est omnis divisa<\/li>\n<li>Ut enim ad minim veniam, quis nostrud exercitation<\/li>\n<li>Fabio vel iudice vincam sunt<\/li>\n<\/ul>\n<p style=\"text-align: left;\"><a class=\"btn btn-inline\" href=\"http:\/\/demo.curlythemes.com\/leisure-html\/room-view.html\">Ne tardez pas \u00e0 r\u00e9server un cr\u00e9neau d&rsquo;intervention<\/a><\/p>\n[\/vc_column_text][\/vc_column][\/vc_row][vc_row][vc_column width=\u00a0\u00bb1\/2&Prime; offset=\u00a0\u00bbvc_col-sm-offset-3&Prime;][vc_column_text el_class=\u00a0\u00bbtext-left\u00a0\u00bb]\n<h2 style=\"text-align: center;\">TARIFS INDICATIFS<\/h2>\n<table class=\"table table-responsive\">\n<tbody>\n<tr>\n<td class=\"text-left\"><strong>T\u00e2che1<\/strong><\/td>\n<td class=\"text-right\"><span class=\"ILfuVd\"><span class=\"hgKElc\">\u20ac<\/span><\/span>180<\/td>\n<\/tr>\n<tr>\n<td class=\"text-left\"><strong>T\u00e2che2<\/strong><\/td>\n<td class=\"text-right\"><span class=\"ILfuVd\"><span class=\"hgKElc\">\u20ac<\/span><\/span>160<\/td>\n<\/tr>\n<tr>\n<td class=\"text-left\"><strong>T\u00e2che3<\/strong><\/td>\n<td class=\"text-right\"><span class=\"ILfuVd\"><span class=\"hgKElc\">\u20ac<\/span><\/span>140<\/td>\n<\/tr>\n<tr>\n<td class=\"text-left\"><strong>T\u00e2che4<\/strong><\/td>\n<td class=\"text-right\"><span class=\"ILfuVd\"><span class=\"hgKElc\">\u20ac<\/span><\/span>120<\/td>\n<\/tr>\n<tr>\n<td class=\"text-left\">Suppl\u00e9ment ou option<\/td>\n<td class=\"text-right\"><span class=\"ILfuVd\"><span class=\"hgKElc\">\u20ac<\/span><\/span>10<\/td>\n<\/tr>\n<tr>\n<td class=\"text-left\">Suppl\u00e9ment ou option<\/td>\n<td class=\"text-right\"><span class=\"ILfuVd\"><span class=\"hgKElc\">\u20ac<\/span><\/span>10<\/td>\n<\/tr>\n<\/tbody>\n<\/table>\n[\/vc_column_text]<div class=\"text-center\"><input type=\"button\" class=\"btn btn-primary modal-button\" name=\"R\u00e9servez\" value=\"R\u00e9servez\" data-target=\"#modal-6\"><\/div><div class=\"modal fade\" id=\"modal-6\" tabindex=\"-1\" role=\"dialog\" aria-hidden=\"true\" aria-labelledby=\"\"><div class=\"modal-dialog\"><div class=\"modal-content\"><div class=\"modal-header\"><button type=\"button\" class=\"close\" data-dismiss=\"modal\" data-toggle=\"tooltip\" title=\"Close\"><span>&times;<\/span><span class=\"sr-only\">Close<\/span><\/button><\/div><div class=\"modal-body\"><noscript class=\"ninja-forms-noscript-message\">\n\tNotice: JavaScript is required for this content.<\/noscript>\nNo Fields Found.<div id=\"nf-form-6-cont\" class=\"nf-form-cont\" aria-live=\"polite\" aria-labelledby=\"nf-form-title-6\" aria-describedby=\"nf-form-errors-6\" role=\"form\">\n\n    <div class=\"nf-loading-spinner\"><\/div>\n\n<\/div>\n        <!-- That data is being printed as a workaround to page builders reordering the order of the scripts loaded-->\n        <script>var formDisplay=1;var nfForms=nfForms||[];var form=[];form.id='6';form.settings={\"ninjaForms\":\"Ninja Forms\",\"changeEmailErrorMsg\":\"Please enter a valid email address!\",\"changeDateErrorMsg\":\"Please enter a valid date!\",\"confirmFieldErrorMsg\":\"These fields must match!\",\"fieldNumberNumMinError\":\"Number Min Error\",\"fieldNumberNumMaxError\":\"Number Max Error\",\"fieldNumberIncrementBy\":\"Please increment by \",\"fieldTextareaRTEInsertLink\":\"Insert Link\",\"fieldTextareaRTEInsertMedia\":\"Insert Media\",\"fieldTextareaRTESelectAFile\":\"Select a file\",\"formErrorsCorrectErrors\":\"Please correct errors before submitting this form.\",\"formHoneypot\":\"If you are a human seeing this field, please leave it empty.\",\"validateRequiredField\":\"This is a required field.\",\"honeypotHoneypotError\":\"Honeypot Error\",\"fileUploadOldCodeFileUploadInProgress\":\"File Upload in Progress.\",\"fileUploadOldCodeFileUpload\":\"FILE UPLOAD\",\"currencySymbol\":\"&euro;\",\"fieldsMarkedRequired\":\"Fields marked with an <span class=\\\"ninja-forms-req-symbol\\\">*<\\\/span> are required\",\"thousands_sep\":\"\\u00a0\",\"decimal_point\":\",\",\"siteLocale\":\"fr_FR\",\"dateFormat\":\"m\\\/d\\\/Y\",\"startOfWeek\":\"1\",\"of\":\"of\",\"previousMonth\":\"Previous Month\",\"nextMonth\":\"Next Month\",\"months\":[\"January\",\"February\",\"March\",\"April\",\"May\",\"June\",\"July\",\"August\",\"September\",\"October\",\"November\",\"December\"],\"monthsShort\":[\"Jan\",\"Feb\",\"Mar\",\"Apr\",\"May\",\"Jun\",\"Jul\",\"Aug\",\"Sep\",\"Oct\",\"Nov\",\"Dec\"],\"weekdays\":[\"Sunday\",\"Monday\",\"Tuesday\",\"Wednesday\",\"Thursday\",\"Friday\",\"Saturday\"],\"weekdaysShort\":[\"Sun\",\"Mon\",\"Tue\",\"Wed\",\"Thu\",\"Fri\",\"Sat\"],\"weekdaysMin\":[\"Su\",\"Mo\",\"Tu\",\"We\",\"Th\",\"Fr\",\"Sa\"],\"recaptchaConsentMissing\":\"reCaptcha validation couldn&#039;t load.\",\"recaptchaMissingCookie\":\"reCaptcha v3 validation couldn&#039;t load the cookie needed to submit the form.\",\"recaptchaConsentEvent\":\"Accept reCaptcha cookies before sending the form.\",\"embed_form\":\"\",\"currency_symbol\":\"\",\"title\":\"\",\"beforeForm\":\"\",\"beforeFields\":\"\",\"afterFields\":\"\",\"afterForm\":\"\"};form.fields=[];nfForms.push(form);<\/script>\n        <\/div><\/div><\/div><\/div>[\/vc_column][\/vc_row]\n","protected":false},"excerpt":{"rendered":"<p>[vc_row][vc_column width=\u00a0\u00bb1\/2&Prime;][vc_column_text] Unam incolunt Belgae, aliam Aquitani, tertiam. Idque Caesaris facere voluntate liceret: sese habere. Quis aute iure reprehenderit in [&hellip;]<\/p>\n","protected":false},"author":3,"featured_media":0,"parent":11,"menu_order":0,"comment_status":"open","ping_status":"closed","template":"","meta":{"spay_email":"","footnotes":""},"class_list":["post-21","page","type-page","status-publish","hentry"],"_links":{"self":[{"href":"https:\/\/proposition1.jolizone.com\/index.php\/wp-json\/wp\/v2\/pages\/21","targetHints":{"allow":["GET"]}}],"collection":[{"href":"https:\/\/proposition1.jolizone.com\/index.php\/wp-json\/wp\/v2\/pages"}],"about":[{"href":"https:\/\/proposition1.jolizone.com\/index.php\/wp-json\/wp\/v2\/types\/page"}],"author":[{"embeddable":true,"href":"https:\/\/proposition1.jolizone.com\/index.php\/wp-json\/wp\/v2\/users\/3"}],"replies":[{"embeddable":true,"href":"https:\/\/proposition1.jolizone.com\/index.php\/wp-json\/wp\/v2\/comments?post=21"}],"version-history":[{"count":11,"href":"https:\/\/proposition1.jolizone.com\/index.php\/wp-json\/wp\/v2\/pages\/21\/revisions"}],"predecessor-version":[{"id":3884,"href":"https:\/\/proposition1.jolizone.com\/index.php\/wp-json\/wp\/v2\/pages\/21\/revisions\/3884"}],"up":[{"embeddable":true,"href":"https:\/\/proposition1.jolizone.com\/index.php\/wp-json\/wp\/v2\/pages\/11"}],"wp:attachment":[{"href":"https:\/\/proposition1.jolizone.com\/index.php\/wp-json\/wp\/v2\/media?parent=21"}],"curies":[{"name":"wp","href":"https:\/\/api.w.org\/{rel}","templated":true}]}}