{"id":8,"date":"2014-09-14T08:54:12","date_gmt":"2014-09-14T08:54:12","guid":{"rendered":"http:\/\/localhost\/final-leisure\/?page_id=2"},"modified":"2022-04-07T14:26:52","modified_gmt":"2022-04-07T12:26:52","slug":"sample-page-2","status":"publish","type":"page","link":"https:\/\/proposition1.jolizone.com\/","title":{"rendered":"Home"},"content":{"rendered":"[vc_row full_width=\u00a0\u00bbstretch_row\u00a0\u00bb css=\u00a0\u00bb.vc_custom_1436823427497{padding-top: 2.8rem !important;padding-bottom: 2.8rem !important;background-color: #f0f1f2 !important;}\u00a0\u00bb][vc_column][vc_column_text]\n<h3 style=\"text-align: center;\">R\u00e9server un rendez-vous t\u00e9l\u00e9phonique<\/h3>\n[\/vc_column_text]<form role=\"form\" class=\"booking-form row light\" action=\"\/\" id=\"prefill-form-18\" data-locale-months=\"janvier,f\u00e9vrier,mars,avril,mai,juin,juillet,ao\u00fbt,septembre,octobre,novembre,d\u00e9cembre\" data-locale-months-short=\"Jan,F\u00e9v,Mar,Avr,Mai,Juin,Juil,Ao\u00fbt,Sep,Oct,Nov,D\u00e9c\" data-locale-days=\"dimanche,lundi,mardi,mercredi,jeudi,vendredi,samedi\" data-locale-days-short=\"dim,lun,mar,mer,jeu,ven,sam\" data-locale-days-min=\"D,L,M,M,J,V,S\" data-locale-first-day=\"1\"><div class=\"col-md-2\"><label class=\"sr-only\" for=\"prefill-18-164\">Nom<\/label><input type=\"text\" class=\"form-control  prefill-text\"  data-target=\"#nf-field-164\" id=\"prefill-18-164\" placeholder=\"Nom\" value=\"\"><\/div><div class=\"col-md-2\"><label class=\"sr-only\" for=\"prefill-18-160\">Type de service<\/label><select class=\"form-control  prefill-text\"  data-target=\"#nf-field-160\" id=\"prefill-18-160\"><option value=\"pour-quel-service\">Pour quel service ?<\/option><option value=\"low\">Fibre<\/option><option value=\"medium\">\u00c9lectricit\u00e9<\/option><option value=\"high\">R\u00e9novation<\/option><option value=\"nettoyage\">Nettoyage<\/option><\/select><\/div><div class=\"col-md-2\"><label class=\"sr-only\" for=\"prefill-18-168\">Vous \u00eates<\/label><select class=\"form-control  prefill-text\"  data-target=\"#nf-field-168\" id=\"prefill-18-168\"><option value=\"vous-etes\">Vous \u00eates :<\/option><option value=\"low\">un particulier<\/option><option value=\"medium\">un professionnel<\/option><\/select><\/div><div class=\"col-md-2\"><label class=\"sr-only\" for=\"prefill-18-161\">Date de rappel<\/label><input type=\"text\" class=\"form-control prefill-datepicker \" data-target=\"#nf-field-161\" data-provide=\"date-picker\" data-date-autoclose=\"true\" data-default-date-format=\"m\/d\/Y\" data-date-format=\"YYYY-MM-DD\" data-jquery-format=\"yy-mm-dd\" id=\"prefill-18-161\" placeholder=\"Date de rappel\" value=\"\" data-id=\"date_161\"><\/div><div class=\"col-md-2\"><label class=\"sr-only\" for=\"prefill-18-155\">T\u00e9l\u00e9phone<\/label><input type=\"text\" class=\"form-control  prefill-text\"  data-target=\"#nf-field-155\" id=\"prefill-18-155\" placeholder=\"T\u00e9l\u00e9phone\" value=\"\"><\/div><div class=\"col-md-2\"><input type=\"button\" class=\"btn btn-primary modal-button  btn-block\" name=\"R\u00e9server\" value=\"R\u00e9server\"  data-target=\"#prefill-modal-18\"><\/div><\/form><div class=\"modal fade\" id=\"prefill-modal-18\" tabindex=\"-1\" role=\"dialog\" aria-hidden=\"true\" aria-labelledby=\"\"><div class=\"modal-dialog\"><div class=\"modal-content\"><div class=\"modal-header\"><button type=\"button\" class=\"close\" data-dismiss=\"modal\" data-toggle=\"tooltip\" title=\"Close\"><span>&times;<\/span><span class=\"sr-only\">Close<\/span><\/button><h2 id=\"18\">Rendez-vous telephonique<\/h2><\/div><div class=\"modal-body\"><noscript class=\"ninja-forms-noscript-message\">\n\tNotice: JavaScript is required for this content.<\/noscript>\n<\/div><\/div><\/div><\/div>[\/vc_column][\/vc_row][vc_row][vc_column width=\u00a0\u00bb2\/3&Prime; offset=\u00a0\u00bbvc_col-sm-offset-2&Prime;][vc_column_text]\n<h1 style=\"text-align: center;\">Soci\u00e9t\u00e9 de services aux particuliers et professionnels<\/h1>\n<h1 style=\"text-align: center;\">FACT&rsquo;SERVICES<\/h1>\n<p class=\"lead\" style=\"text-align: center;\">Situ\u00e9e \u00e0 Montreuil aux portes de Paris, FACT&rsquo;SERVICE propose de nombreux services d&rsquo;installation, de maintenance et de r\u00e9novation dans un p\u00e9rim\u00e8tre tr\u00e8s large de Paris et sa grande couronne.<\/p>\n<p style=\"text-align: center;\">Duis diam eros, dignissim sed condimentum ac, vehicula nec nisl. Suspendisse condimentum libero tempus, accumsan augue et, varius dui. Morbi justo tortor, tincidunt ornare magna ut, molestie mattis enim. Cras ac justo et augue suscipit euismod vel eget lectus. Proin vehicula nunc arcu, pulvinar accumsan.<\/p>\n<h4 style=\"text-align: center;\"><strong>Nos \u00e9quipes de professionnels vous accompagnent dans votre quotidien pour la maintenance ou vos nouveaux projets de r\u00e9novation.<\/strong><\/h4>\n[\/vc_column_text][\/vc_column][\/vc_row][vc_row full_width=\u00a0\u00bbstretch_row\u00a0\u00bb parallax=\u00a0\u00bbcontent-moving\u00a0\u00bb parallax_layers=\u00a0\u00bbyes\u00a0\u00bb style_images=\u00a0\u00bbyes\u00a0\u00bb css=\u00a0\u00bb.vc_custom_1648240304602{background-image: url(http:\/\/proposition1.jolizone.com\/wp-content\/uploads\/2022\/03\/constructeur-homme-tient-casque-protection-dans-ses-mains-partie-du-corps_169016-16067.webp?id=3425) !important;background-position: 0 0;background-repeat: no-repeat !important;}\u00a0\u00bb parallax_offset=\u00a0\u00bb150&Prime; layer_1=\u00a0\u00bb3481&Prime; layer_2=\u00a0\u00bb3461&Prime; layer_3=\u00a0\u00bb3413&Prime; layer_1_ratio=\u00a0\u00bb1.25123&Prime; layer_2_ratio=\u00a0\u00bb0.94456456&Prime; layer_3_ratio=\u00a0\u00bb1.111111&Prime; layer_1_vertical=\u00a0\u00bbtop: 80%\u00a0\u00bb layer_1_horizontal=\u00a0\u00bbleft: 17%\u00a0\u00bb layer_2_vertical=\u00a0\u00bbtop: 25%\u00a0\u00bb layer_2_horizontal=\u00a0\u00bbleft: 24%\u00a0\u00bb layer_3_vertical=\u00a0\u00bbtop: -10%\u00a0\u00bb layer_3_horizontal=\u00a0\u00bbleft: 12%\u00a0\u00bb layer_1_z=\u00a0\u00bb1&Prime; layer_2_z=\u00a0\u00bb0&Prime; layer_3_z=\u00a0\u00bb1&Prime; el_class=\u00a0\u00bbcontent-padding-xxl\u00a0\u00bb][vc_column width=\u00a0\u00bb1\/2&Prime; offset=\u00a0\u00bbvc_col-sm-offset-6&Prime;][vc_column_text]\n<h2><span style=\"color: #ffffff;\"><small>Services aux particuliers et aux professionnels<\/small>GARANTIE SUR LE LONG TERME<\/span><\/h2>\n<p><span style=\"color: #ffffff;\">Duis diam eros, dignissim sed condimentum ac, vehicula nec nisl. Suspendissecondimentum libero tempus, accumsan augue et, varius dui. Morbi justo tortor, tincidunt ornare magna ut, molestie mattis enim.<\/span><\/p>\n<p><span style=\"color: #ffffff;\">Cras ac justo et augue suscipit euismod vel eget lectus. Proin vehicula nunc arcu, pulvinar accumsan nulla porta vel. Vivamus malesuada vitae sem ac pellentesque.<\/span><\/p>\n<p><a class=\"btn btn-inline\" href=\"#\"><span style=\"color: #ffffff;\">Consultez tous nos services<\/span><\/a>[\/vc_column_text][\/vc_column][\/vc_row][vc_row][vc_column]<h2 class=\"text-center\"><small>Les services dont vous avez besoin<\/small>FACT'SERVICES<\/h2><div class='services-carousel ' data-owl='{&quot;items&quot;:4,&quot;nav&quot;:false,&quot;navText&quot;:[],&quot;loop&quot;:true,&quot;autoplay&quot;:true,&quot;autoplayTimeout&quot;:2000,&quot;autoplayHoverPause&quot;:true,&quot;responsive&quot;:{&quot;0&quot;:{&quot;items&quot;:1,&quot;dots&quot;:false,&quot;nav&quot;:false},&quot;767&quot;:{&quot;items&quot;:4,&quot;dots&quot;:false},&quot;992&quot;:{&quot;items&quot;:4,&quot;dots&quot;:false}}}'><div class=\"item\">\n  <a href=\"\" target=\"_self\" class=\"link-image\" title=\"Raccordement de la Fibre Optique\"><img loading=\"lazy\" decoding=\"async\" width=\"750\" height=\"500\" src=\"https:\/\/proposition1.jolizone.com\/wp-content\/uploads\/2022\/03\/pexels-field-engineer-442152-1-1024x683.jpg\" class=\"attachment-large size-large\" alt=\"\" srcset=\"https:\/\/proposition1.jolizone.com\/wp-content\/uploads\/2022\/03\/pexels-field-engineer-442152-1-1024x683.jpg 1024w, https:\/\/proposition1.jolizone.com\/wp-content\/uploads\/2022\/03\/pexels-field-engineer-442152-1-300x200.jpg 300w, https:\/\/proposition1.jolizone.com\/wp-content\/uploads\/2022\/03\/pexels-field-engineer-442152-1-768x512.jpg 768w, https:\/\/proposition1.jolizone.com\/wp-content\/uploads\/2022\/03\/pexels-field-engineer-442152-1-1536x1024.jpg 1536w, https:\/\/proposition1.jolizone.com\/wp-content\/uploads\/2022\/03\/pexels-field-engineer-442152-1-2048x1365.jpg 2048w\" sizes=\"auto, (max-width: 750px) 100vw, 750px\" \/><\/a>      <div class=\"item-content\">\n      <h4><a href=\"\" target=\"_self\" >Raccordement de la Fibre Optique<\/a><\/h4>      <p>Nihil hic munitissimus habendi senatus locus, nihil horum?<\/p>    <\/div>\n  <\/div>\n<div class=\"item\">\n  <a href=\"\" target=\"_self\" class=\"link-image\" title=\"Travaux d'Electricit\u00e9\"><img loading=\"lazy\" decoding=\"async\" width=\"750\" height=\"500\" src=\"https:\/\/proposition1.jolizone.com\/wp-content\/uploads\/2022\/03\/electricien-monte-prises-electriques-mur-blanc-interieur_169016-17799.webp\" class=\"attachment-large size-large\" alt=\"\" srcset=\"https:\/\/proposition1.jolizone.com\/wp-content\/uploads\/2022\/03\/electricien-monte-prises-electriques-mur-blanc-interieur_169016-17799.webp 826w, https:\/\/proposition1.jolizone.com\/wp-content\/uploads\/2022\/03\/electricien-monte-prises-electriques-mur-blanc-interieur_169016-17799-300x200.webp 300w, https:\/\/proposition1.jolizone.com\/wp-content\/uploads\/2022\/03\/electricien-monte-prises-electriques-mur-blanc-interieur_169016-17799-768x512.webp 768w\" sizes=\"auto, (max-width: 750px) 100vw, 750px\" \/><\/a>      <div class=\"item-content\">\n      <h4><a href=\"\" target=\"_self\" >Travaux d'Electricit\u00e9<\/a><\/h4>      <p>Nihil hic munitissimus habendi senatus locus, nihil horum?<\/p>    <\/div>\n  <\/div>\n<div class=\"item\">\n  <a href=\"\" target=\"_self\" class=\"link-image\" title=\"Travaux de R\u00e9novation\"><img loading=\"lazy\" decoding=\"async\" width=\"750\" height=\"500\" src=\"https:\/\/proposition1.jolizone.com\/wp-content\/uploads\/2022\/03\/carrelage-plein-personnes_23-2149343994.webp\" class=\"attachment-large size-large\" alt=\"\" srcset=\"https:\/\/proposition1.jolizone.com\/wp-content\/uploads\/2022\/03\/carrelage-plein-personnes_23-2149343994.webp 826w, https:\/\/proposition1.jolizone.com\/wp-content\/uploads\/2022\/03\/carrelage-plein-personnes_23-2149343994-300x200.webp 300w, https:\/\/proposition1.jolizone.com\/wp-content\/uploads\/2022\/03\/carrelage-plein-personnes_23-2149343994-768x512.webp 768w\" sizes=\"auto, (max-width: 750px) 100vw, 750px\" \/><\/a>      <div class=\"item-content\">\n      <h4><a href=\"\" target=\"_self\" >Travaux de R\u00e9novation<\/a><\/h4>      <p>Nihil hic munitissimus habendi senatus locus, nihil horum?<\/p>    <\/div>\n  <\/div>\n<div class=\"item\">\n  <a href=\"\" target=\"_self\" class=\"link-image\" title=\"Services aux Particuliers\"><img loading=\"lazy\" decoding=\"async\" width=\"750\" height=\"499\" src=\"https:\/\/proposition1.jolizone.com\/wp-content\/uploads\/2022\/03\/femme-dos-camera-ouvrant-porte-homme_259150-58306.webp\" class=\"attachment-large size-large\" alt=\"\" srcset=\"https:\/\/proposition1.jolizone.com\/wp-content\/uploads\/2022\/03\/femme-dos-camera-ouvrant-porte-homme_259150-58306.webp 826w, https:\/\/proposition1.jolizone.com\/wp-content\/uploads\/2022\/03\/femme-dos-camera-ouvrant-porte-homme_259150-58306-300x200.webp 300w, https:\/\/proposition1.jolizone.com\/wp-content\/uploads\/2022\/03\/femme-dos-camera-ouvrant-porte-homme_259150-58306-768x511.webp 768w\" sizes=\"auto, (max-width: 750px) 100vw, 750px\" \/><\/a>      <div class=\"item-content\">\n      <h4><a href=\"\" target=\"_self\" >Services aux Particuliers<\/a><\/h4>      <p>Nihil hic munitissimus habendi senatus locus, nihil horum?<\/p>    <\/div>\n  <\/div>\n<\/div>[\/vc_column][\/vc_row]\n","protected":false},"excerpt":{"rendered":"<p>[vc_row full_width=\u00a0\u00bbstretch_row\u00a0\u00bb css=\u00a0\u00bb.vc_custom_1436823427497{padding-top: 2.8rem !important;padding-bottom: 2.8rem !important;background-color: #f0f1f2 !important;}\u00a0\u00bb][vc_column][vc_column_text] R\u00e9server un rendez-vous t\u00e9l\u00e9phonique [\/vc_column_text][\/vc_column][\/vc_row][vc_row][vc_column width=\u00a0\u00bb2\/3&Prime; offset=\u00a0\u00bbvc_col-sm-offset-2&Prime;][vc_column_text] Soci\u00e9t\u00e9 de services aux [&hellip;]<\/p>\n","protected":false},"author":1,"featured_media":0,"parent":0,"menu_order":0,"comment_status":"closed","ping_status":"closed","template":"","meta":{"spay_email":"","footnotes":""},"class_list":["post-8","page","type-page","status-publish","hentry"],"_links":{"self":[{"href":"https:\/\/proposition1.jolizone.com\/index.php\/wp-json\/wp\/v2\/pages\/8","targetHints":{"allow":["GET"]}}],"collection":[{"href":"https:\/\/proposition1.jolizone.com\/index.php\/wp-json\/wp\/v2\/pages"}],"about":[{"href":"https:\/\/proposition1.jolizone.com\/index.php\/wp-json\/wp\/v2\/types\/page"}],"author":[{"embeddable":true,"href":"https:\/\/proposition1.jolizone.com\/index.php\/wp-json\/wp\/v2\/users\/1"}],"replies":[{"embeddable":true,"href":"https:\/\/proposition1.jolizone.com\/index.php\/wp-json\/wp\/v2\/comments?post=8"}],"version-history":[{"count":29,"href":"https:\/\/proposition1.jolizone.com\/index.php\/wp-json\/wp\/v2\/pages\/8\/revisions"}],"predecessor-version":[{"id":3900,"href":"https:\/\/proposition1.jolizone.com\/index.php\/wp-json\/wp\/v2\/pages\/8\/revisions\/3900"}],"wp:attachment":[{"href":"https:\/\/proposition1.jolizone.com\/index.php\/wp-json\/wp\/v2\/media?parent=8"}],"curies":[{"name":"wp","href":"https:\/\/api.w.org\/{rel}","templated":true}]}}